{"id":2,"date":"2015-12-09T03:33:20","date_gmt":"2015-12-09T03:33:20","guid":{"rendered":"http:\/\/wp44m.a10-52-158-154.qa.plesk.ru\/wordpress\/?page_id=2"},"modified":"2025-11-29T19:38:20","modified_gmt":"2025-11-29T18:38:20","slug":"sample-page","status":"publish","type":"page","link":"https:\/\/docblume.de\/?page_id=2","title":{"rendered":"Impressum"},"content":{"rendered":"<p align=\"LEFT\"><strong>Name, Berufsbezeichnung und berufsrechtliche Hinweise gem. \u00a7 5 Digitale-Dienste-Gesetz:<\/strong><\/p>\n<p align=\"LEFT\">Dr. med. dent. Matthias Blume<\/p>\n<p align=\"LEFT\">\u00a0angestellter approbierter Zahnarzt (Bundesrepublik Deutschland)<\/p>\n<hr \/>\n<p><strong>Praxisanschrift und Kommunikationangaben:<\/strong><\/p>\n<p align=\"LEFT\">Pelzerstr. 4<\/p>\n<p align=\"LEFT\">D-20095 Hamburg<\/p>\n<p align=\"LEFT\">Tel : +49 40 343673<\/p>\n<p align=\"LEFT\">Fax: +49 40 28059736<\/p>\n<p align=\"LEFT\">E-Mail: <a href=\"mailto:docblume@t-online.de\">docblume@t-online.de<\/a><\/p>\n<p align=\"LEFT\">Homepage: <a href=\"https:\/\/docblume.de\">docblume.de<\/a><\/p>\n<p align=\"LEFT\">Steuernummer: 48\/023\/00056:<\/p>\n<hr \/>\n<p align=\"LEFT\"><strong>zust\u00e4ndige Zahn\u00e4rztekammer: <\/strong><\/p>\n<p align=\"LEFT\">Zahn\u00e4rtekammer Hamburg,\u00a0\u00a0AlsterCity (12. Stock), Weidestra\u00dfe 122 b, 22083 Hamburg, Tel.: (040) 73 34 05-0, Fax: (040) 73 34 05 99 99, Mail:\u00a0<a class=\"mail\" title=\"\u00d6ffnet ein Fenster zum Versenden der E-Mail\" href=\"mailto:info@zaek-hh.de\">info@zaek-hh.de<\/a>)<\/p>\n<p align=\"LEFT\"><strong>zust\u00e4ndige Aufsichtsbeh\u00f6rde f\u00fcr vertrags\u00e4rztliche T\u00e4tigkeiten:<\/strong><\/p>\n<p align=\"LEFT\">Kassenzahn\u00e4rzliche Vereinigung Hamburg (KZV-HH) \u00a0( Katherinenbr\u00fccke1, 20457 Hamburg, Tel: (040) 361470; Fax:\u00a0(040) 36 44 70, Mail:\u00a0<a class=\"mail\" title=\"\u00d6ffnet ein Fenster zum Versenden der E-Mail\" href=\"mailto:info@kzv-hamburg.de\">info@kzv-hamburg.de)\u00a0<\/a><\/p>\n<p align=\"LEFT\"><strong>Informationen:<\/strong><\/p>\n<p align=\"LEFT\">bzgl. Zahnheilkundegesetzes, des Hamburgischen Zahn\u00e4rztegesetzes, der Berufsordnung, der <abbr title=\"Geb\u00fchrenordnung f\u00fcr Zahn\u00e4rzte (GOZ)\">GOZ finden Sie auf folgendem\u00a0<\/abbr><\/p>\n<p>Link f\u00fcr\u00a0<a href=\"http:\/\/www.zahnaerzte-hh.de\/zahnarzt-team\/abisz\/telemediengesetz.html\">berufsrechtliche Informationen<\/a><\/p>\n<p><strong>Angaben zur Berufshaftpflichtversicherung:<\/strong><\/p>\n<div class=\"ce-header h4-mb ce-header-left\">\n<div class=\"ce-headline\">\n<h4 class=\"\">DOMCURA AG<\/h4>\n<\/div>\n<\/div>\n<p>Theodor-Heuss-Ring 49<br \/>\n24113 Kiel<\/p>\n<p>Telefon: +49 431 54654-611<br \/>\nTelefax: +49 431 54654-667<\/p>\n<p>E-Mail:\u00a0<a href=\"https:\/\/vertrieb.domcura.de\/mlp-hauptseminar\/mlp-dokumente\/#\" data-mailto-token=\"kygjrm8tcprpgczYbmkaspy,bc\" data-mailto-vector=\"-2\">vertrieb@domcura.de<\/a><\/p>\n<hr \/>\n<p><strong>Verantwortlicher f\u00fcr journalistisch-redaktionelle Inhalte:<\/strong> Dr. Matthias Blume<\/p>\n<p><strong>Bildquellen:<\/strong> Dr. Matthias Blume<\/p>\n<hr \/>\n<p>Ich m\u00f6chte ausdr\u00fccklich darauf hinweisen, dass ich keinerlei Einfluss auf die Gestaltung und die Inhalte der hier verlinkten Seiten habe. Deshalb distanziere ich mich hiermit ausdr\u00fccklich von allen Inhalten aller verlinkten Seiten auf dieser gesamten Website inkl. aller Unterseiten. Diese Erkl\u00e4rung gilt f\u00fcr alle auf meiner Homepage ausgebrachten Links und f\u00fcr alle Inhalte der Seiten, zu denen Links oder Banner f\u00fchren.<\/p>\n<p align=\"LEFT\"><span style=\"color: #800000;\">\u00a0<\/span><\/p>\n","protected":false},"excerpt":{"rendered":"<p class=\"excerpt\">Name, Berufsbezeichnung und berufsrechtliche Hinweise gem. \u00a7 5 Digitale-Dienste-Gesetz: Dr. med. dent. Matthias Blume \u00a0angestellter approbierter Zahnarzt (Bundesrepublik Deutschland) Praxisanschrift und Kommunikationangaben: Pelzerstr. 4 D-20095 Hamburg Tel : +49 40 343673 Fax: +49 40 28059736 E-Mail: docblume@t-online.de Homepage: docblume.de Steuernummer: 48\/023\/00056: zust\u00e4ndige Zahn\u00e4rztekammer: Zahn\u00e4rtekammer Hamburg,\u00a0\u00a0AlsterCity (12. Stock), Weidestra\u00dfe 122 b, 22083 Hamburg, Tel.: (040) 73 34 05-0, Fax: (040) 73&hellip;<\/p>\n<p class=\"more-link-p\"><a class=\"btn btn-default\" href=\"https:\/\/docblume.de\/?page_id=2\">Read more<\/a><\/p>\n","protected":false},"author":1,"featured_media":0,"parent":0,"menu_order":0,"comment_status":"closed","ping_status":"open","template":"","meta":{"footnotes":""},"class_list":["post-2","page","type-page","status-publish","hentry"],"_links":{"self":[{"href":"https:\/\/docblume.de\/index.php?rest_route=\/wp\/v2\/pages\/2","targetHints":{"allow":["GET"]}}],"collection":[{"href":"https:\/\/docblume.de\/index.php?rest_route=\/wp\/v2\/pages"}],"about":[{"href":"https:\/\/docblume.de\/index.php?rest_route=\/wp\/v2\/types\/page"}],"author":[{"embeddable":true,"href":"https:\/\/docblume.de\/index.php?rest_route=\/wp\/v2\/users\/1"}],"replies":[{"embeddable":true,"href":"https:\/\/docblume.de\/index.php?rest_route=%2Fwp%2Fv2%2Fcomments&post=2"}],"version-history":[{"count":19,"href":"https:\/\/docblume.de\/index.php?rest_route=\/wp\/v2\/pages\/2\/revisions"}],"predecessor-version":[{"id":591,"href":"https:\/\/docblume.de\/index.php?rest_route=\/wp\/v2\/pages\/2\/revisions\/591"}],"wp:attachment":[{"href":"https:\/\/docblume.de\/index.php?rest_route=%2Fwp%2Fv2%2Fmedia&parent=2"}],"curies":[{"name":"wp","href":"https:\/\/api.w.org\/{rel}","templated":true}]}}